{"id":821,"date":"2025-10-28T10:18:53","date_gmt":"2025-10-28T10:18:53","guid":{"rendered":"https:\/\/keystonehats.com\/?page_id=821"},"modified":"2025-10-28T10:20:28","modified_gmt":"2025-10-28T10:20:28","slug":"terms-and-conditions","status":"publish","type":"page","link":"https:\/\/keystonehats.com\/es\/terms-and-conditions\/","title":{"rendered":"T\u00e9rminos y Condiciones"},"content":{"rendered":"<p>Por favor, lea estos t\u00e9rminos y condiciones cuidadosamente antes de usar Nuestro Servicio.<\/p>\n\n\n\n<h2 class=\"wp-block-heading\">Interpretaci\u00f3n y Definiciones<\/h2>\n\n\n\n<h3 class=\"wp-block-heading\">Interpretaci\u00f3n<\/h3>\n\n\n\n<p>Las palabras cuya letra inicial est\u00e1 en may\u00fascula tienen los significados definidos en las siguientes condiciones. Las siguientes definiciones tendr\u00e1n el mismo significado independientemente de si aparecen en singular o en plural.<\/p>\n\n\n\n<h3 class=\"wp-block-heading\">Definiciones<\/h3>\n\n\n\n<p>Para los prop\u00f3sitos de estos T\u00e9rminos y Condiciones:<\/p>\n\n\n\n<ul class=\"wp-block-list\">\n<li><strong>Afiliado<\/strong> significa una entidad que controla, es controlada por o est\u00e1 bajo control com\u00fan con una parte, donde \u201ccontrol\u201d significa la propiedad del 50% o m\u00e1s de las acciones, inter\u00e9s en capital u otros valores con derecho a voto para la elecci\u00f3n de directores u otra autoridad de gesti\u00f3n.<\/li>\n\n\n\n<li><strong>Pa\u00eds<\/strong> se refiere a: Espa\u00f1a<\/li>\n\n\n\n<li><strong>Empresa<\/strong> (referida como \u201cla Empresa\u201d, \u201cNosotros\u201d, \u201cNos\u201d o \u201cNuestro\u201d en este Acuerdo) se refiere a KeyStoneHats, 1015 Grand St estudio 2 Hoboken,.<\/li>\n\n\n\n<li><strong>Dispositivo<\/strong> significa cualquier dispositivo que pueda acceder al Servicio, como una computadora, un tel\u00e9fono m\u00f3vil o una tableta digital.<\/li>\n\n\n\n<li><strong>Servicio<\/strong> se refiere al Sitio Web.<\/li>\n\n\n\n<li><strong>T\u00e9rminos y Condiciones<\/strong> (tambi\u00e9n referido como \u201cT\u00e9rminos\u201d) significa estos T\u00e9rminos y Condiciones que conforman el acuerdo completo entre Usted y la Empresa respecto al uso del Servicio. <\/li>\n\n\n\n<li><strong>Servicio de Redes Sociales de Terceros<\/strong> significa cualquier servicio o contenido (incluidos datos, informaci\u00f3n, productos o servicios) proporcionado por un tercero que puede ser mostrado, incluido o puesto a disposici\u00f3n por el Servicio.<\/li>\n\n\n\n<li><strong>Sitio web<\/strong> se refiere a keystonehats, accesible desde <a href=\"https:\/\/keystonehats.com\/es\/\" target=\"_blank\" rel=\"noreferrer noopener\">https:\/\/keystonehats.com\/<\/a><\/li>\n\n\n\n<li><strong>T\u00fa<\/strong> significa la persona que accede o utiliza el Servicio, o la empresa, u otra entidad legal en nombre de la cual dicha persona accede o utiliza el Servicio, seg\u00fan corresponda.<\/li>\n<\/ul>\n\n\n\n<h2 class=\"wp-block-heading\">Reconocimiento<\/h2>\n\n\n\n<p>Estos son los T\u00e9rminos y Condiciones que rigen el uso de este Servicio y el acuerdo que opera entre T\u00fa y la Compa\u00f1\u00eda. Estos T\u00e9rminos y Condiciones establecen los derechos y obligaciones de todos los usuarios respecto al uso del Servicio.<\/p>\n\n\n\n<p>Tu acceso y uso del Servicio est\u00e1n condicionados a Tu aceptaci\u00f3n y cumplimiento de estos T\u00e9rminos y Condiciones. Estos T\u00e9rminos y Condiciones aplican a todos los visitantes, usuarios y otros que accedan o utilicen el Servicio.<\/p>\n\n\n\n<p>Al acceder o usar el Servicio, aceptas estar sujeto a estos T\u00e9rminos y Condiciones. Si no est\u00e1s de acuerdo con alguna parte de estos T\u00e9rminos y Condiciones, no podr\u00e1s acceder al Servicio.<\/p>\n\n\n\n<p>Declaras que tienes m\u00e1s de 18 a\u00f1os. La Compa\u00f1\u00eda no permite que menores de 18 a\u00f1os utilicen el Servicio.<\/p>\n\n\n\n<p>Tu acceso y uso del Servicio tambi\u00e9n est\u00e1n condicionados a Tu aceptaci\u00f3n y cumplimiento de la Pol\u00edtica de Privacidad de la Compa\u00f1\u00eda. Nuestra Pol\u00edtica de Privacidad describe nuestras pol\u00edticas y procedimientos sobre la recopilaci\u00f3n, uso y divulgaci\u00f3n de Tu informaci\u00f3n personal cuando utilizas la Aplicaci\u00f3n o el Sitio Web y te informa sobre tus derechos de privacidad y c\u00f3mo la ley te protege. Por favor, lee cuidadosamente nuestra Pol\u00edtica de Privacidad antes de usar nuestro Servicio.<\/p>\n\n\n\n<h2 class=\"wp-block-heading\">Enlaces a Otros Sitios Web<\/h2>\n\n\n\n<p>Nuestro Servicio puede contener enlaces a sitios web o servicios de terceros que no son propiedad ni est\u00e1n controlados por la Compa\u00f1\u00eda.<\/p>\n\n\n\n<p>La Compa\u00f1\u00eda no tiene control sobre, y no asume ninguna responsabilidad por, el contenido, las pol\u00edticas de privacidad o las pr\u00e1cticas de sitios web o servicios de terceros. Adem\u00e1s, reconoces y aceptas que la Compa\u00f1\u00eda no ser\u00e1 responsable, directa o indirectamente, por cualquier da\u00f1o o p\u00e9rdida causada o que se alega haber sido causada por o en relaci\u00f3n con el uso o la confianza en dicho contenido, bienes o servicios disponibles en o a trav\u00e9s de dichos sitios web o servicios.<\/p>\n\n\n\n<p>Te recomendamos encarecidamente que leas los t\u00e9rminos y condiciones y las pol\u00edticas de privacidad de cualquier sitio web o servicio de terceros que visites.<\/p>\n\n\n\n<h2 class=\"wp-block-heading\">Terminaci\u00f3n<\/h2>\n\n\n\n<p>Podemos terminar o suspender Tu acceso de inmediato, sin aviso previo ni responsabilidad, por cualquier motivo, incluyendo sin limitaci\u00f3n si incumples estos T\u00e9rminos y Condiciones.<\/p>\n\n\n\n<p>Tras la terminaci\u00f3n, Tu derecho a usar el Servicio cesar\u00e1 de inmediato.<\/p>\n\n\n\n<h2 class=\"wp-block-heading\">Limitaci\u00f3n de Responsabilidad<\/h2>\n\n\n\n<p>A pesar de cualquier da\u00f1o que puedas sufrir, la responsabilidad total de la Compa\u00f1\u00eda y cualquiera de sus proveedores bajo cualquier disposici\u00f3n de estos T\u00e9rminos y tu remedio exclusivo por todo lo anterior se limitar\u00e1 a la cantidad efectivamente pagada por ti a trav\u00e9s del Servicio o 100 USD si no has comprado nada a trav\u00e9s del Servicio.<\/p>\n\n\n\n<p>En la m\u00e1xima medida permitida por la ley aplicable, en ning\u00fan caso la Compa\u00f1\u00eda o sus proveedores ser\u00e1n responsables por da\u00f1os especiales, incidentales, indirectos o consecuentes (incluyendo, pero no limitado a, da\u00f1os por p\u00e9rdida de beneficios, p\u00e9rdida de datos u otra informaci\u00f3n, por interrupci\u00f3n del negocio, por lesiones personales, p\u00e9rdida de privacidad que surja o est\u00e9 relacionada de alguna manera con el uso o la imposibilidad de usar el Servicio, software de terceros y\/o hardware de terceros utilizado con el Servicio, o de otra manera en relaci\u00f3n con cualquier disposici\u00f3n de estos T\u00e9rminos), incluso si la Compa\u00f1\u00eda o alg\u00fan proveedor ha sido advertido de la posibilidad de tales da\u00f1os y aunque el remedio no cumpla su prop\u00f3sito esencial.<\/p>\n\n\n\n<p>Algunos estados no permiten la exclusi\u00f3n de garant\u00edas impl\u00edcitas ni la limitaci\u00f3n de responsabilidad por da\u00f1os incidentales o consecuentes, lo que significa que algunas de las limitaciones anteriores pueden no aplicarse. En estos estados, la responsabilidad de cada parte se limitar\u00e1 en la mayor medida permitida por la ley.<\/p>\n\n\n\n<h2 class=\"wp-block-heading\">\u201cRenuncia de \u201dEN EL ESTADO\u201c y \u201dSEG\u00daN DISPONIBILIDAD\u201d<\/h2>\n\n\n\n<p>El Servicio se proporciona a Usted \u201cEN EL ESTADO\u201d y \u201cSEG\u00daN DISPONIBILIDAD\u201d y con todas las fallas y defectos sin garant\u00eda de ning\u00fan tipo. En la m\u00e1xima medida permitida por la ley aplicable, la Compa\u00f1\u00eda, en su propio nombre y en nombre de sus Afiliados y sus respectivos licenciantes y proveedores de servicios, renuncia expresamente a todas las garant\u00edas, ya sean expresas, impl\u00edcitas, legales o de otro tipo, con respecto al Servicio, incluyendo todas las garant\u00edas impl\u00edcitas de comerciabilidad, idoneidad para un prop\u00f3sito particular, t\u00edtulo y no infracci\u00f3n, y garant\u00edas que puedan surgir del curso de la negociaci\u00f3n, del curso de la ejecuci\u00f3n, del uso o de la pr\u00e1ctica comercial. Sin limitar lo anterior, la Compa\u00f1\u00eda no ofrece ninguna garant\u00eda ni compromiso, y no hace ninguna declaraci\u00f3n de ning\u00fan tipo de que el Servicio cumplir\u00e1 con sus requisitos, lograr\u00e1 los resultados previstos, ser\u00e1 compatible o funcionar\u00e1 con cualquier otro software, aplicaciones, sistemas o servicios, operar\u00e1 sin interrupciones, cumplir\u00e1 con est\u00e1ndares de rendimiento o fiabilidad o estar\u00e1 libre de errores o que cualquier error o defecto pueda o ser\u00e1 corregido.<\/p>\n\n\n\n<p>Sin limitar lo anterior, ni la Compa\u00f1\u00eda ni ninguno de los proveedores de la compa\u00f1\u00eda hacen ninguna declaraci\u00f3n o garant\u00eda de ning\u00fan tipo, expresa o impl\u00edcita: (i) sobre la operaci\u00f3n o disponibilidad del Servicio, o la informaci\u00f3n, contenido y materiales o productos incluidos; (ii) que el Servicio ser\u00e1 ininterrumpido o libre de errores; (iii) sobre la precisi\u00f3n, fiabilidad o actualidad de cualquier informaci\u00f3n o contenido proporcionado a trav\u00e9s del Servicio; o (iv) que el Servicio, sus servidores, el contenido o los correos electr\u00f3nicos enviados en nombre de la Compa\u00f1\u00eda est\u00e9n libres de virus, scripts, caballos de Troya, gusanos, malware, bombas de tiempo u otros componentes da\u00f1inos.<\/p>\n\n\n\n<p>Algunas jurisdicciones no permiten la exclusi\u00f3n de ciertos tipos de garant\u00edas o limitaciones en los derechos estatutarios aplicables de un consumidor, por lo que algunas o todas las exclusiones y limitaciones anteriores pueden no aplicarse a Usted. Pero en tal caso, las exclusiones y limitaciones establecidas en esta secci\u00f3n se aplicar\u00e1n en la mayor medida posible seg\u00fan la ley aplicable.<\/p>\n\n\n\n<h2 class=\"wp-block-heading\">Ley Aplicable<\/h2>\n\n\n\n<p>Las leyes del pa\u00eds, excluyendo sus reglas de conflictos de leyes, regir\u00e1n estos T\u00e9rminos y su uso del Servicio. Su uso de la Aplicaci\u00f3n tambi\u00e9n puede estar sujeto a otras leyes locales, estatales, nacionales o internacionales.<\/p>\n\n\n\n<h2 class=\"wp-block-heading\">Resoluci\u00f3n de Disputas<\/h2>\n\n\n\n<p>Si tiene alguna preocupaci\u00f3n o disputa sobre el Servicio, acepta intentar resolverla de manera informal contactando con la Compa\u00f1\u00eda.<\/p>\n\n\n\n<h2 class=\"wp-block-heading\">Para Usuarios de la Uni\u00f3n Europea (UE)<\/h2>\n\n\n\n<p>Si usted es un consumidor de la Uni\u00f3n Europea, se beneficiar\u00e1 de las disposiciones obligatorias de la ley del pa\u00eds en el que resida.<\/p>\n\n\n\n<h2 class=\"wp-block-heading\">Cumplimiento Legal en Espa\u00f1a<\/h2>\n\n\n\n<p>Usted declara y garantiza que (i) no se encuentra en un pa\u00eds que est\u00e9 sujeto a un embargo del gobierno de Espa\u00f1a, o que haya sido designado por el gobierno de Espa\u00f1a como un pa\u00eds de \u201capoyo al terrorismo\u201d, y (ii) no figura en ninguna lista del gobierno de Espa\u00f1a de partes prohibidas o restringidas.<\/p>\n\n\n\n<h2 class=\"wp-block-heading\">Divisibilidad y Renuncia<\/h2>\n\n\n\n<h3 class=\"wp-block-heading\">Divisibilidad<\/h3>\n\n\n\n<p>Si alguna disposici\u00f3n de estos T\u00e9rminos se considera inaplicable o inv\u00e1lida, dicha disposici\u00f3n ser\u00e1 modificada e interpretada para cumplir con los objetivos de dicha disposici\u00f3n en la mayor medida posible bajo la ley aplicable y las disposiciones restantes continuar\u00e1n en pleno vigor y efecto.<\/p>\n\n\n\n<h3 class=\"wp-block-heading\">Renuncia<\/h3>\n\n\n\n<p>Excepto seg\u00fan lo establecido aqu\u00ed, la falta de ejercicio de un derecho o la exigencia del cumplimiento de una obligaci\u00f3n bajo estos T\u00e9rminos no afectar\u00e1 la capacidad de una parte para ejercer dicho derecho o exigir dicho cumplimiento en cualquier momento posterior, ni la renuncia a un incumplimiento constituir\u00e1 una renuncia a cualquier incumplimiento posterior.<\/p>\n\n\n\n<h2 class=\"wp-block-heading\">Interpretaci\u00f3n de la Traducci\u00f3n<\/h2>\n\n\n\n<p>Estos T\u00e9rminos y Condiciones pueden haber sido traducidos si los hemos puesto a su disposici\u00f3n en nuestro Servicio. Usted acepta que el texto original en ingl\u00e9s prevalecer\u00e1 en caso de disputa.<\/p>\n\n\n\n<h2 class=\"wp-block-heading\">Cambios en estos T\u00e9rminos y Condiciones<\/h2>\n\n\n\n<p>Nos reservamos el derecho, a nuestra exclusiva discreci\u00f3n, de modificar o reemplazar estos T\u00e9rminos en cualquier momento. Si una revisi\u00f3n es sustancial, haremos esfuerzos razonables para proporcionar al menos 30 d\u00edas de aviso antes de que entren en vigor los nuevos t\u00e9rminos. Lo que constituye un cambio sustancial ser\u00e1 determinado a nuestra exclusiva discreci\u00f3n.<\/p>\n\n\n\n<p>Al continuar accediendo o usando nuestro Servicio despu\u00e9s de que esas revisiones entren en vigor, usted acepta estar sujeto a los t\u00e9rminos revisados. Si no est\u00e1 de acuerdo con los nuevos t\u00e9rminos, en su totalidad o en parte, por favor deje de usar el sitio web y el Servicio.<\/p>\n\n\n\n<h2 class=\"wp-block-heading\">Cont\u00e1ctenos<\/h2>\n\n\n\n<p>Si tiene alguna pregunta sobre estos T\u00e9rminos y Condiciones, puede contactarnos:<\/p>\n\n\n\n<ul class=\"wp-block-list\">\n<li>Por correo electr\u00f3nico: info@keystonehats.com<\/li>\n<\/ul>\n\n\n\n<p><\/p>","protected":false},"excerpt":{"rendered":"<p>Please read these terms and conditions carefully before using Our Service. Interpretation and Definitions Interpretation The words of which the initial letter is capitalized have meanings defined under the following conditions. The following definitions shall have the same meaning regardless of whether they appear in singular or in plural. Definitions For the purposes of these [&hellip;]<\/p>\n","protected":false},"author":1,"featured_media":0,"parent":0,"menu_order":0,"comment_status":"closed","ping_status":"closed","template":"","meta":{"_acf_changed":false,"_monsterinsights_skip_tracking":false,"_monsterinsights_sitenote_active":false,"_monsterinsights_sitenote_note":"","_monsterinsights_sitenote_category":0,"footnotes":""},"class_list":["post-821","page","type-page","status-publish","hentry"],"blocksy_meta":[],"acf":[],"yoast_head":"<!-- This site is optimized with the Yoast SEO plugin v27.3 - https:\/\/yoast.com\/product\/yoast-seo-wordpress\/ -->\n<title>Terms and Conditions - KeyStoneHats<\/title>\n<meta name=\"robots\" content=\"index, follow, max-snippet:-1, max-image-preview:large, max-video-preview:-1\" \/>\n<link rel=\"canonical\" href=\"https:\/\/keystonehats.com\/es\/terms-and-conditions\/\" \/>\n<meta property=\"og:locale\" content=\"es_ES\" \/>\n<meta property=\"og:type\" content=\"article\" \/>\n<meta property=\"og:title\" content=\"Terms and Conditions - KeyStoneHats\" \/>\n<meta property=\"og:description\" content=\"Please read these terms and conditions carefully before using Our Service. Interpretation and Definitions Interpretation The words of which the initial letter is capitalized have meanings defined under the following conditions. The following definitions shall have the same meaning regardless of whether they appear in singular or in plural. Definitions For the purposes of these [&hellip;]\" \/>\n<meta property=\"og:url\" content=\"https:\/\/keystonehats.com\/es\/terms-and-conditions\/\" \/>\n<meta property=\"og:site_name\" content=\"KeyStoneHats\" \/>\n<meta property=\"article:modified_time\" content=\"2025-10-28T10:20:28+00:00\" \/>\n<meta name=\"twitter:card\" content=\"summary_large_image\" \/>\n<meta name=\"twitter:label1\" content=\"Tiempo de lectura\" \/>\n\t<meta name=\"twitter:data1\" content=\"8 minutos\" \/>\n<script type=\"application\/ld+json\" class=\"yoast-schema-graph\">{\"@context\":\"https:\\\/\\\/schema.org\",\"@graph\":[{\"@type\":\"WebPage\",\"@id\":\"https:\\\/\\\/keystonehats.com\\\/terms-and-conditions\\\/\",\"url\":\"https:\\\/\\\/keystonehats.com\\\/terms-and-conditions\\\/\",\"name\":\"Terms and Conditions - KeyStoneHats\",\"isPartOf\":{\"@id\":\"https:\\\/\\\/keystonehats.com\\\/#website\"},\"datePublished\":\"2025-10-28T10:18:53+00:00\",\"dateModified\":\"2025-10-28T10:20:28+00:00\",\"breadcrumb\":{\"@id\":\"https:\\\/\\\/keystonehats.com\\\/terms-and-conditions\\\/#breadcrumb\"},\"inLanguage\":\"es\",\"potentialAction\":[{\"@type\":\"ReadAction\",\"target\":[\"https:\\\/\\\/keystonehats.com\\\/terms-and-conditions\\\/\"]}]},{\"@type\":\"BreadcrumbList\",\"@id\":\"https:\\\/\\\/keystonehats.com\\\/terms-and-conditions\\\/#breadcrumb\",\"itemListElement\":[{\"@type\":\"ListItem\",\"position\":1,\"name\":\"Home\",\"item\":\"https:\\\/\\\/keystonehats.com\\\/\"},{\"@type\":\"ListItem\",\"position\":2,\"name\":\"Terms and Conditions\"}]},{\"@type\":\"WebSite\",\"@id\":\"https:\\\/\\\/keystonehats.com\\\/#website\",\"url\":\"https:\\\/\\\/keystonehats.com\\\/\",\"name\":\"KeyStoneHats\",\"description\":\"Custom Hats and Caps Manufacturer Wholesalers in China\",\"publisher\":{\"@id\":\"https:\\\/\\\/keystonehats.com\\\/#organization\"},\"potentialAction\":[{\"@type\":\"SearchAction\",\"target\":{\"@type\":\"EntryPoint\",\"urlTemplate\":\"https:\\\/\\\/keystonehats.com\\\/?s={search_term_string}\"},\"query-input\":{\"@type\":\"PropertyValueSpecification\",\"valueRequired\":true,\"valueName\":\"search_term_string\"}}],\"inLanguage\":\"es\"},{\"@type\":\"Organization\",\"@id\":\"https:\\\/\\\/keystonehats.com\\\/#organization\",\"name\":\"KeyStoneHats\",\"url\":\"https:\\\/\\\/keystonehats.com\\\/\",\"logo\":{\"@type\":\"ImageObject\",\"inLanguage\":\"es\",\"@id\":\"https:\\\/\\\/keystonehats.com\\\/#\\\/schema\\\/logo\\\/image\\\/\",\"url\":\"https:\\\/\\\/keystonehats.com\\\/wp-content\\\/uploads\\\/2025\\\/10\\\/\u56fe\u7247_20251028222441_756_1.png\",\"contentUrl\":\"https:\\\/\\\/keystonehats.com\\\/wp-content\\\/uploads\\\/2025\\\/10\\\/\u56fe\u7247_20251028222441_756_1.png\",\"width\":503,\"height\":77,\"caption\":\"KeyStoneHats\"},\"image\":{\"@id\":\"https:\\\/\\\/keystonehats.com\\\/#\\\/schema\\\/logo\\\/image\\\/\"}}]}<\/script>\n<!-- \/ Yoast SEO plugin. -->","yoast_head_json":{"title":"T\u00e9rminos y Condiciones - KeyStoneHats","robots":{"index":"index","follow":"follow","max-snippet":"max-snippet:-1","max-image-preview":"max-image-preview:large","max-video-preview":"max-video-preview:-1"},"canonical":"https:\/\/keystonehats.com\/es\/terms-and-conditions\/","og_locale":"es_ES","og_type":"article","og_title":"Terms and Conditions - KeyStoneHats","og_description":"Please read these terms and conditions carefully before using Our Service. Interpretation and Definitions Interpretation The words of which the initial letter is capitalized have meanings defined under the following conditions. The following definitions shall have the same meaning regardless of whether they appear in singular or in plural. Definitions For the purposes of these [&hellip;]","og_url":"https:\/\/keystonehats.com\/es\/terms-and-conditions\/","og_site_name":"KeyStoneHats","article_modified_time":"2025-10-28T10:20:28+00:00","twitter_card":"summary_large_image","twitter_misc":{"Tiempo de lectura":"8 minutos"},"schema":{"@context":"https:\/\/schema.org","@graph":[{"@type":"WebPage","@id":"https:\/\/keystonehats.com\/terms-and-conditions\/","url":"https:\/\/keystonehats.com\/terms-and-conditions\/","name":"T\u00e9rminos y Condiciones - KeyStoneHats","isPartOf":{"@id":"https:\/\/keystonehats.com\/#website"},"datePublished":"2025-10-28T10:18:53+00:00","dateModified":"2025-10-28T10:20:28+00:00","breadcrumb":{"@id":"https:\/\/keystonehats.com\/terms-and-conditions\/#breadcrumb"},"inLanguage":"es","potentialAction":[{"@type":"ReadAction","target":["https:\/\/keystonehats.com\/terms-and-conditions\/"]}]},{"@type":"BreadcrumbList","@id":"https:\/\/keystonehats.com\/terms-and-conditions\/#breadcrumb","itemListElement":[{"@type":"ListItem","position":1,"name":"Home","item":"https:\/\/keystonehats.com\/"},{"@type":"ListItem","position":2,"name":"Terms and Conditions"}]},{"@type":"WebSite","@id":"https:\/\/keystonehats.com\/#website","url":"https:\/\/keystonehats.com\/","name":"KeyStoneHats","description":"Fabricantes y Mayoristas de Sombreros y Gorras Personalizadas en China","publisher":{"@id":"https:\/\/keystonehats.com\/#organization"},"potentialAction":[{"@type":"SearchAction","target":{"@type":"EntryPoint","urlTemplate":"https:\/\/keystonehats.com\/?s={search_term_string}"},"query-input":{"@type":"PropertyValueSpecification","valueRequired":true,"valueName":"search_term_string"}}],"inLanguage":"es"},{"@type":"Organization","@id":"https:\/\/keystonehats.com\/#organization","name":"KeyStoneHats","url":"https:\/\/keystonehats.com\/","logo":{"@type":"ImageObject","inLanguage":"es","@id":"https:\/\/keystonehats.com\/#\/schema\/logo\/image\/","url":"https:\/\/keystonehats.com\/wp-content\/uploads\/2025\/10\/\u56fe\u7247_20251028222441_756_1.png","contentUrl":"https:\/\/keystonehats.com\/wp-content\/uploads\/2025\/10\/\u56fe\u7247_20251028222441_756_1.png","width":503,"height":77,"caption":"KeyStoneHats"},"image":{"@id":"https:\/\/keystonehats.com\/#\/schema\/logo\/image\/"}}]}},"_links":{"self":[{"href":"https:\/\/keystonehats.com\/es\/wp-json\/wp\/v2\/pages\/821","targetHints":{"allow":["GET"]}}],"collection":[{"href":"https:\/\/keystonehats.com\/es\/wp-json\/wp\/v2\/pages"}],"about":[{"href":"https:\/\/keystonehats.com\/es\/wp-json\/wp\/v2\/types\/page"}],"author":[{"embeddable":true,"href":"https:\/\/keystonehats.com\/es\/wp-json\/wp\/v2\/users\/1"}],"replies":[{"embeddable":true,"href":"https:\/\/keystonehats.com\/es\/wp-json\/wp\/v2\/comments?post=821"}],"version-history":[{"count":2,"href":"https:\/\/keystonehats.com\/es\/wp-json\/wp\/v2\/pages\/821\/revisions"}],"predecessor-version":[{"id":825,"href":"https:\/\/keystonehats.com\/es\/wp-json\/wp\/v2\/pages\/821\/revisions\/825"}],"wp:attachment":[{"href":"https:\/\/keystonehats.com\/es\/wp-json\/wp\/v2\/media?parent=821"}],"curies":[{"name":"wp","href":"https:\/\/api.w.org\/{rel}","templated":true}]}}